{"id":6692,"date":"2020-06-09T08:44:24","date_gmt":"2020-06-09T06:44:24","guid":{"rendered":"https:\/\/schuck-group.com\/?page_id=6692"},"modified":"2022-10-26T10:11:19","modified_gmt":"2022-10-26T08:11:19","slug":"h2ready-systemloesungen-fuer-die-verteilung-von-wasserstoff","status":"publish","type":"page","link":"https:\/\/schuck-group.com\/de\/erneuerbare-energietraeger\/h2ready-systemloesungen-fuer-die-verteilung-von-wasserstoff\/","title":{"rendered":"H2ready \u2013 Systeml\u00f6sungen f\u00fcr die Verteilung von Wasserstoff"},"content":{"rendered":"","protected":false},"excerpt":{"rendered":"<p>Wasserstoff &#8211;\u00a0Der gasf\u00f6rmige Energietr\u00e4ger wird von Politik, Industrie sowie \u00d6konomen als einer der Game Changer f\u00fcr die Zukunft unserer Klimapolitik sowie f\u00fcr das Erreichen der Klimaziele aus COP21 gehandelt. Die aktuelle Problemstellung der Speicherung, erneuerbar erzeugter, strombasierter Energie (z.B. aus Windkraft- und Sonnenenergie), kann durch die sog. Power to X Technologie gel\u00f6st werden. Die Power-to-Gas [&#8230;]<\/p>\n","protected":false},"author":10,"featured_media":0,"parent":8626,"menu_order":0,"comment_status":"closed","ping_status":"closed","template":"","meta":[],"_links":{"self":[{"href":"https:\/\/schuck-group.com\/de\/wp-json\/wp\/v2\/pages\/6692"}],"collection":[{"href":"https:\/\/schuck-group.com\/de\/wp-json\/wp\/v2\/pages"}],"about":[{"href":"https:\/\/schuck-group.com\/de\/wp-json\/wp\/v2\/types\/page"}],"author":[{"embeddable":true,"href":"https:\/\/schuck-group.com\/de\/wp-json\/wp\/v2\/users\/10"}],"replies":[{"embeddable":true,"href":"https:\/\/schuck-group.com\/de\/wp-json\/wp\/v2\/comments?post=6692"}],"version-history":[{"count":9,"href":"https:\/\/schuck-group.com\/de\/wp-json\/wp\/v2\/pages\/6692\/revisions"}],"predecessor-version":[{"id":9253,"href":"https:\/\/schuck-group.com\/de\/wp-json\/wp\/v2\/pages\/6692\/revisions\/9253"}],"up":[{"embeddable":true,"href":"https:\/\/schuck-group.com\/de\/wp-json\/wp\/v2\/pages\/8626"}],"wp:attachment":[{"href":"https:\/\/schuck-group.com\/de\/wp-json\/wp\/v2\/media?parent=6692"}],"curies":[{"name":"wp","href":"https:\/\/api.w.org\/{rel}","templated":true}]}}