{"id":5068,"date":"2019-08-26T09:58:21","date_gmt":"2019-08-26T07:58:21","guid":{"rendered":"https:\/\/schuck-group.com\/?page_id=5068"},"modified":"2026-04-30T14:05:32","modified_gmt":"2026-04-30T12:05:32","slug":"downloads","status":"publish","type":"page","link":"https:\/\/schuck-group.com\/de\/unternehmen\/downloads\/","title":{"rendered":"Downloads"},"content":{"rendered":"","protected":false},"excerpt":{"rendered":"<p>Downloadbereich Allgemeines Allgemeine Gesch\u00e4ftsbedingungen Lieferantenvorschrift Allgemeine_Einkaufsbedingungen 2019 Best\u00e4tigung MiLoG 2019 Verpflichtungserkl\u00e4rung nach TVgG Zertifikate AD2000 HP0 Zertifikat DIN EN ISO 3834-2 &#8211; Zertifikat AD2000 W0 \u2013 Zertifikat API-Monogram API-6D-2103 &#8211; Zertifikat DGRL 2014 68 EU &#8211; Isolierst\u00fccke Typ SHD &#8211; Modul B &#8211; Zertifikat DGRL 2014_68_EU &#8211; Isolierst\u00fccke Typ SHD &#8211; Modul C2 &#8211; Zertifikat [&#8230;]<\/p>\n","protected":false},"author":10,"featured_media":0,"parent":1115,"menu_order":0,"comment_status":"closed","ping_status":"closed","template":"","meta":[],"_links":{"self":[{"href":"https:\/\/schuck-group.com\/de\/wp-json\/wp\/v2\/pages\/5068"}],"collection":[{"href":"https:\/\/schuck-group.com\/de\/wp-json\/wp\/v2\/pages"}],"about":[{"href":"https:\/\/schuck-group.com\/de\/wp-json\/wp\/v2\/types\/page"}],"author":[{"embeddable":true,"href":"https:\/\/schuck-group.com\/de\/wp-json\/wp\/v2\/users\/10"}],"replies":[{"embeddable":true,"href":"https:\/\/schuck-group.com\/de\/wp-json\/wp\/v2\/comments?post=5068"}],"version-history":[{"count":94,"href":"https:\/\/schuck-group.com\/de\/wp-json\/wp\/v2\/pages\/5068\/revisions"}],"predecessor-version":[{"id":10723,"href":"https:\/\/schuck-group.com\/de\/wp-json\/wp\/v2\/pages\/5068\/revisions\/10723"}],"up":[{"embeddable":true,"href":"https:\/\/schuck-group.com\/de\/wp-json\/wp\/v2\/pages\/1115"}],"wp:attachment":[{"href":"https:\/\/schuck-group.com\/de\/wp-json\/wp\/v2\/media?parent=5068"}],"curies":[{"name":"wp","href":"https:\/\/api.w.org\/{rel}","templated":true}]}}