{"id":235,"date":"2018-10-18T14:00:36","date_gmt":"2018-10-18T12:00:36","guid":{"rendered":"https:\/\/schuck-group.com\/?page_id=235"},"modified":"2025-01-21T16:32:50","modified_gmt":"2025-01-21T15:32:50","slug":"impressum","status":"publish","type":"page","link":"https:\/\/schuck-group.com\/de\/informationen\/impressum\/","title":{"rendered":"Impressum"},"content":{"rendered":"","protected":false},"excerpt":{"rendered":"<p>Impressum Angaben gem\u00e4\u00df \u00a7 5 TMG Schuck Group GmbH Daimlerstra\u00dfe 5 &#8211; 7 89555 Steinheim Handelsregister: HRB 745151 Registergericht: Amtsgericht Ulm Vertreten durch: Gesch\u00e4ftsf\u00fchrung Frederik M\u00fcller J\u00fcrgen H\u00e4ckel &nbsp; Kontakt Telefon: +49 7329 950 -0 Telefax: +49 7329 950 -161 E-Mail: info@schuck-group.com Umsatzsteuer-ID Umsatzsteuer-Identifikationsnummer gem\u00e4\u00df \u00a727 a Umsatzsteuergesetz: DE 355234522 Streitschlichtung Die Europ\u00e4ische Kommission stellt [&#8230;]<\/p>\n","protected":false},"author":1,"featured_media":0,"parent":8617,"menu_order":0,"comment_status":"closed","ping_status":"closed","template":"","meta":[],"_links":{"self":[{"href":"https:\/\/schuck-group.com\/de\/wp-json\/wp\/v2\/pages\/235"}],"collection":[{"href":"https:\/\/schuck-group.com\/de\/wp-json\/wp\/v2\/pages"}],"about":[{"href":"https:\/\/schuck-group.com\/de\/wp-json\/wp\/v2\/types\/page"}],"author":[{"embeddable":true,"href":"https:\/\/schuck-group.com\/de\/wp-json\/wp\/v2\/users\/1"}],"replies":[{"embeddable":true,"href":"https:\/\/schuck-group.com\/de\/wp-json\/wp\/v2\/comments?post=235"}],"version-history":[{"count":6,"href":"https:\/\/schuck-group.com\/de\/wp-json\/wp\/v2\/pages\/235\/revisions"}],"predecessor-version":[{"id":10469,"href":"https:\/\/schuck-group.com\/de\/wp-json\/wp\/v2\/pages\/235\/revisions\/10469"}],"up":[{"embeddable":true,"href":"https:\/\/schuck-group.com\/de\/wp-json\/wp\/v2\/pages\/8617"}],"wp:attachment":[{"href":"https:\/\/schuck-group.com\/de\/wp-json\/wp\/v2\/media?parent=235"}],"curies":[{"name":"wp","href":"https:\/\/api.w.org\/{rel}","templated":true}]}}