{"id":2153,"date":"2019-07-04T09:40:42","date_gmt":"2019-07-04T07:40:42","guid":{"rendered":"https:\/\/schuck-group.com\/?page_id=2153"},"modified":"2021-04-29T14:30:58","modified_gmt":"2021-04-29T12:30:58","slug":"schuck-service","status":"publish","type":"page","link":"https:\/\/schuck-group.com\/de\/unternehmen\/schuck-service\/","title":{"rendered":"Schuck Service"},"content":{"rendered":"","protected":false},"excerpt":{"rendered":"<p>Wir lassen Sie nicht allein Schuck ist als Systemanbieter f\u00fcr Armaturen und Antriebe bereits Jahrzehnte am Markt t\u00e4tig. Mit dieser Erfahrung k\u00f6nnen wir exakt f\u00fcr den Kunden zugeschnittene Serviceleistungen anbieten. Diesen Service verstehen wir als eine produktbegleitende Dienstleistung. Wir begleiten Sie bis zur Inbetriebnahme vor Ort. Die wichtigste Voraussetzung f\u00fcr den optimalen Aufbau, die Inbetriebnahme [&#8230;]<\/p>\n","protected":false},"author":10,"featured_media":0,"parent":1115,"menu_order":0,"comment_status":"closed","ping_status":"closed","template":"","meta":[],"_links":{"self":[{"href":"https:\/\/schuck-group.com\/de\/wp-json\/wp\/v2\/pages\/2153"}],"collection":[{"href":"https:\/\/schuck-group.com\/de\/wp-json\/wp\/v2\/pages"}],"about":[{"href":"https:\/\/schuck-group.com\/de\/wp-json\/wp\/v2\/types\/page"}],"author":[{"embeddable":true,"href":"https:\/\/schuck-group.com\/de\/wp-json\/wp\/v2\/users\/10"}],"replies":[{"embeddable":true,"href":"https:\/\/schuck-group.com\/de\/wp-json\/wp\/v2\/comments?post=2153"}],"version-history":[{"count":4,"href":"https:\/\/schuck-group.com\/de\/wp-json\/wp\/v2\/pages\/2153\/revisions"}],"predecessor-version":[{"id":8323,"href":"https:\/\/schuck-group.com\/de\/wp-json\/wp\/v2\/pages\/2153\/revisions\/8323"}],"up":[{"embeddable":true,"href":"https:\/\/schuck-group.com\/de\/wp-json\/wp\/v2\/pages\/1115"}],"wp:attachment":[{"href":"https:\/\/schuck-group.com\/de\/wp-json\/wp\/v2\/media?parent=2153"}],"curies":[{"name":"wp","href":"https:\/\/api.w.org\/{rel}","templated":true}]}}