{"id":1697,"date":"2019-02-25T14:41:59","date_gmt":"2019-02-25T13:41:59","guid":{"rendered":"https:\/\/schuck-group.com\/?page_id=1697"},"modified":"2021-08-19T14:50:13","modified_gmt":"2021-08-19T12:50:13","slug":"abschlussarbeiten-bei-der-schuck-group","status":"publish","type":"page","link":"https:\/\/schuck-group.com\/de\/unternehmen\/karriere\/schueler-und-studenten\/abschlussarbeiten-bei-der-schuck-group\/","title":{"rendered":"Abschlussarbeiten \/ Werkstudentenarbeit bei der Schuck Group"},"content":{"rendered":"","protected":false},"excerpt":{"rendered":"<p>Das erwartet Sie: Eine qualifizierte Betreuung, die Ihnen jederzeit zur Seite steht. Sie haben die M\u00f6glichkeit, ein Projekt \u00fcber viele entscheidende Phasen hinweg zu begleiten und das Tagesgesch\u00e4ft kennenzulernen Sie k\u00f6nnen Ihre Arbeitszeiten in Absprache mit uns auf Ihr Studium abstimmen Abschlussarbeit &#8211; Reibmoment unserer Kugelh\u00e4hne Werkstudentenarbeit \u2013 Konstruktion Werkstudentenarbeit \u2013 Technische Redaktion Praktikum \/ [&#8230;]<\/p>\n","protected":false},"author":10,"featured_media":0,"parent":1245,"menu_order":0,"comment_status":"closed","ping_status":"closed","template":"","meta":[],"_links":{"self":[{"href":"https:\/\/schuck-group.com\/de\/wp-json\/wp\/v2\/pages\/1697"}],"collection":[{"href":"https:\/\/schuck-group.com\/de\/wp-json\/wp\/v2\/pages"}],"about":[{"href":"https:\/\/schuck-group.com\/de\/wp-json\/wp\/v2\/types\/page"}],"author":[{"embeddable":true,"href":"https:\/\/schuck-group.com\/de\/wp-json\/wp\/v2\/users\/10"}],"replies":[{"embeddable":true,"href":"https:\/\/schuck-group.com\/de\/wp-json\/wp\/v2\/comments?post=1697"}],"version-history":[{"count":6,"href":"https:\/\/schuck-group.com\/de\/wp-json\/wp\/v2\/pages\/1697\/revisions"}],"predecessor-version":[{"id":8692,"href":"https:\/\/schuck-group.com\/de\/wp-json\/wp\/v2\/pages\/1697\/revisions\/8692"}],"up":[{"embeddable":true,"href":"https:\/\/schuck-group.com\/de\/wp-json\/wp\/v2\/pages\/1245"}],"wp:attachment":[{"href":"https:\/\/schuck-group.com\/de\/wp-json\/wp\/v2\/media?parent=1697"}],"curies":[{"name":"wp","href":"https:\/\/api.w.org\/{rel}","templated":true}]}}