{"id":1502,"date":"2019-02-25T15:57:46","date_gmt":"2019-02-25T14:57:46","guid":{"rendered":"https:\/\/schuck-group.com\/?page_id=1502"},"modified":"2021-01-11T11:47:47","modified_gmt":"2021-01-11T10:47:47","slug":"initiativbewerbung","status":"publish","type":"page","link":"https:\/\/schuck-group.com\/de\/unternehmen\/karriere\/initiativbewerbung\/","title":{"rendered":"Initiativbewerbung"},"content":{"rendered":"","protected":false},"excerpt":{"rendered":"<p>Sollte gerade keine offene Stelle f\u00fcr Sie vorhanden sein, k\u00f6nnen Sie sich initiativ bei uns bewerben. Hierf\u00fcr bitten wir Sie jedoch darum, einige Spielregeln zu beachten. Nur so k\u00f6nnen wir Ihre Bewerbung effektiv und zielgerichtet bearbeiten. Fair f\u00fcr beide Seiten. Das m\u00f6chten wir von Ihnen wissen Bei Initiativbewerbungen ist es besonders wichtig, eine aufschlussreiche Bewerbung [&#8230;]<\/p>\n","protected":false},"author":10,"featured_media":0,"parent":420,"menu_order":0,"comment_status":"closed","ping_status":"closed","template":"","meta":[],"_links":{"self":[{"href":"https:\/\/schuck-group.com\/de\/wp-json\/wp\/v2\/pages\/1502"}],"collection":[{"href":"https:\/\/schuck-group.com\/de\/wp-json\/wp\/v2\/pages"}],"about":[{"href":"https:\/\/schuck-group.com\/de\/wp-json\/wp\/v2\/types\/page"}],"author":[{"embeddable":true,"href":"https:\/\/schuck-group.com\/de\/wp-json\/wp\/v2\/users\/10"}],"replies":[{"embeddable":true,"href":"https:\/\/schuck-group.com\/de\/wp-json\/wp\/v2\/comments?post=1502"}],"version-history":[{"count":1,"href":"https:\/\/schuck-group.com\/de\/wp-json\/wp\/v2\/pages\/1502\/revisions"}],"predecessor-version":[{"id":7918,"href":"https:\/\/schuck-group.com\/de\/wp-json\/wp\/v2\/pages\/1502\/revisions\/7918"}],"up":[{"embeddable":true,"href":"https:\/\/schuck-group.com\/de\/wp-json\/wp\/v2\/pages\/420"}],"wp:attachment":[{"href":"https:\/\/schuck-group.com\/de\/wp-json\/wp\/v2\/media?parent=1502"}],"curies":[{"name":"wp","href":"https:\/\/api.w.org\/{rel}","templated":true}]}}