{"id":1245,"date":"2019-02-25T14:46:05","date_gmt":"2019-02-25T13:46:05","guid":{"rendered":"https:\/\/schuck-group.com\/?page_id=1245"},"modified":"2021-08-25T11:50:42","modified_gmt":"2021-08-25T09:50:42","slug":"schueler-und-studenten","status":"publish","type":"page","link":"https:\/\/schuck-group.com\/de\/unternehmen\/karriere\/schueler-und-studenten\/","title":{"rendered":"Sch\u00fcler und Studenten"},"content":{"rendered":"","protected":false},"excerpt":{"rendered":"<p>&nbsp; &nbsp; &nbsp; &nbsp; Ausbildung bei der Schuck Group Mit dem Start Deiner Ausbildung bei der Schuck Group beginnt ein neuer Lebensabschnitt. Und das mit einer zukunftssicheren und soliden Basis: Als Familienunternehmen mit \u00fcber 300 Besch\u00e4ftigten, 4 internationalen Niederlassungen und \u00fcber 40 Jahren Erfahrung z\u00e4hlt die Schuck Group zu den Marktf\u00fchrern im Segment der Verbindungselemente [&#8230;]<\/p>\n","protected":false},"author":10,"featured_media":0,"parent":420,"menu_order":0,"comment_status":"closed","ping_status":"closed","template":"","meta":[],"_links":{"self":[{"href":"https:\/\/schuck-group.com\/de\/wp-json\/wp\/v2\/pages\/1245"}],"collection":[{"href":"https:\/\/schuck-group.com\/de\/wp-json\/wp\/v2\/pages"}],"about":[{"href":"https:\/\/schuck-group.com\/de\/wp-json\/wp\/v2\/types\/page"}],"author":[{"embeddable":true,"href":"https:\/\/schuck-group.com\/de\/wp-json\/wp\/v2\/users\/10"}],"replies":[{"embeddable":true,"href":"https:\/\/schuck-group.com\/de\/wp-json\/wp\/v2\/comments?post=1245"}],"version-history":[{"count":4,"href":"https:\/\/schuck-group.com\/de\/wp-json\/wp\/v2\/pages\/1245\/revisions"}],"predecessor-version":[{"id":8722,"href":"https:\/\/schuck-group.com\/de\/wp-json\/wp\/v2\/pages\/1245\/revisions\/8722"}],"up":[{"embeddable":true,"href":"https:\/\/schuck-group.com\/de\/wp-json\/wp\/v2\/pages\/420"}],"wp:attachment":[{"href":"https:\/\/schuck-group.com\/de\/wp-json\/wp\/v2\/media?parent=1245"}],"curies":[{"name":"wp","href":"https:\/\/api.w.org\/{rel}","templated":true}]}}