{"id":1129,"date":"2019-02-14T10:33:20","date_gmt":"2019-02-14T09:33:20","guid":{"rendered":"https:\/\/schuck-group.com\/?page_id=1129"},"modified":"2019-07-17T18:46:07","modified_gmt":"2019-07-17T16:46:07","slug":"mitarbeiter","status":"publish","type":"page","link":"https:\/\/schuck-group.com\/de\/unternehmen\/mitarbeiter\/","title":{"rendered":"Mitarbeiter"},"content":{"rendered":"","protected":false},"excerpt":{"rendered":"<p>Unser wichtigstes Gut sind unsere Mitarbeiter. Sie erbringen nicht nur H\u00f6chstleistungen f\u00fcr unsere Kunden, sondern sind auch die Basis f\u00fcr ein lebendiges, sich weiterentwickelndes Unternehmen. Mit einer Ausbildungsquote von durchschnittlich 10% gewinnen wir mittel- und langfristig hochqualifiziertes und motiviertes Personal. Dabei wird nicht nur im gewerblichen Bereich ausgebildet. Seit \u00fcber 20 Jahren studieren junge Menschen [&#8230;]<\/p>\n","protected":false},"author":10,"featured_media":0,"parent":1115,"menu_order":0,"comment_status":"closed","ping_status":"closed","template":"","meta":[],"_links":{"self":[{"href":"https:\/\/schuck-group.com\/de\/wp-json\/wp\/v2\/pages\/1129"}],"collection":[{"href":"https:\/\/schuck-group.com\/de\/wp-json\/wp\/v2\/pages"}],"about":[{"href":"https:\/\/schuck-group.com\/de\/wp-json\/wp\/v2\/types\/page"}],"author":[{"embeddable":true,"href":"https:\/\/schuck-group.com\/de\/wp-json\/wp\/v2\/users\/10"}],"replies":[{"embeddable":true,"href":"https:\/\/schuck-group.com\/de\/wp-json\/wp\/v2\/comments?post=1129"}],"version-history":[{"count":0,"href":"https:\/\/schuck-group.com\/de\/wp-json\/wp\/v2\/pages\/1129\/revisions"}],"up":[{"embeddable":true,"href":"https:\/\/schuck-group.com\/de\/wp-json\/wp\/v2\/pages\/1115"}],"wp:attachment":[{"href":"https:\/\/schuck-group.com\/de\/wp-json\/wp\/v2\/media?parent=1129"}],"curies":[{"name":"wp","href":"https:\/\/api.w.org\/{rel}","templated":true}]}}