{"id":1122,"date":"2019-02-14T09:19:03","date_gmt":"2019-02-14T08:19:03","guid":{"rendered":"https:\/\/schuck-group.com\/?page_id=1122"},"modified":"2026-01-07T16:05:40","modified_gmt":"2026-01-07T15:05:40","slug":"lieferanten","status":"publish","type":"page","link":"https:\/\/schuck-group.com\/de\/unternehmen\/lieferanten\/","title":{"rendered":"Lieferanten"},"content":{"rendered":"","protected":false},"excerpt":{"rendered":"<p>Philosophie Die vertrauensvolle Zusammenarbeit mit unseren engagierten und qualifizierten Lieferanten\u00a0ist ein grundlegender Bestandteil unserer weltweiten Lieferkette. Wir legen Wert auf eine partnerschaftliche Beziehung unter wettbewerbsf\u00e4higen Gesch\u00e4ftsbedingungen und stellen dieselben hohen Anspr\u00fcche an unsere Lieferanten wie an uns selbst. Qualit\u00e4t, Service und Wirtschaftlichkeit sind dabei die entscheidenden Kriterien bei der Auswahl unserer Lieferanten. &nbsp; Werden Sie [&#8230;]<\/p>\n","protected":false},"author":10,"featured_media":0,"parent":1115,"menu_order":0,"comment_status":"closed","ping_status":"closed","template":"","meta":[],"_links":{"self":[{"href":"https:\/\/schuck-group.com\/de\/wp-json\/wp\/v2\/pages\/1122"}],"collection":[{"href":"https:\/\/schuck-group.com\/de\/wp-json\/wp\/v2\/pages"}],"about":[{"href":"https:\/\/schuck-group.com\/de\/wp-json\/wp\/v2\/types\/page"}],"author":[{"embeddable":true,"href":"https:\/\/schuck-group.com\/de\/wp-json\/wp\/v2\/users\/10"}],"replies":[{"embeddable":true,"href":"https:\/\/schuck-group.com\/de\/wp-json\/wp\/v2\/comments?post=1122"}],"version-history":[{"count":3,"href":"https:\/\/schuck-group.com\/de\/wp-json\/wp\/v2\/pages\/1122\/revisions"}],"predecessor-version":[{"id":10587,"href":"https:\/\/schuck-group.com\/de\/wp-json\/wp\/v2\/pages\/1122\/revisions\/10587"}],"up":[{"embeddable":true,"href":"https:\/\/schuck-group.com\/de\/wp-json\/wp\/v2\/pages\/1115"}],"wp:attachment":[{"href":"https:\/\/schuck-group.com\/de\/wp-json\/wp\/v2\/media?parent=1122"}],"curies":[{"name":"wp","href":"https:\/\/api.w.org\/{rel}","templated":true}]}}