{"id":10725,"date":"2026-05-05T08:18:51","date_gmt":"2026-05-05T06:18:51","guid":{"rendered":"https:\/\/schuck-group.com\/?page_id=10725"},"modified":"2026-05-05T08:23:07","modified_gmt":"2026-05-05T06:23:07","slug":"kommissionierung-m-w-d","status":"publish","type":"page","link":"https:\/\/schuck-group.com\/de\/unternehmen\/karriere\/berufserfahrene\/kommissionierung-m-w-d\/","title":{"rendered":"Mitarbeiter in der Kommissionierung (m\/w\/d)"},"content":{"rendered":"","protected":false},"excerpt":{"rendered":"<p>Mitarbeiter in der Kommissionierung (m\/w\/d) Wer wir sind Wir bei der SCHUCK GROUP sind weltweiter Partner der Energie- und Versorgungswirtschaft. Am Stammsitz im S\u00fcden Deutschlands entwickeln und fertigen wir Armaturen, Hauseinf\u00fchrungen, Formst\u00fccke und Pipelinezubeh\u00f6r f\u00fcr die weltweite Verteilung von fl\u00fcssigen und gasf\u00f6rmigen Medien, aber auch f\u00fcr die Elektrizit\u00e4ts- und Breitbandversorgung. In Steinheim sowie an 3 [&#8230;]<\/p>\n","protected":false},"author":18,"featured_media":0,"parent":1387,"menu_order":0,"comment_status":"closed","ping_status":"closed","template":"","meta":[],"_links":{"self":[{"href":"https:\/\/schuck-group.com\/de\/wp-json\/wp\/v2\/pages\/10725"}],"collection":[{"href":"https:\/\/schuck-group.com\/de\/wp-json\/wp\/v2\/pages"}],"about":[{"href":"https:\/\/schuck-group.com\/de\/wp-json\/wp\/v2\/types\/page"}],"author":[{"embeddable":true,"href":"https:\/\/schuck-group.com\/de\/wp-json\/wp\/v2\/users\/18"}],"replies":[{"embeddable":true,"href":"https:\/\/schuck-group.com\/de\/wp-json\/wp\/v2\/comments?post=10725"}],"version-history":[{"count":3,"href":"https:\/\/schuck-group.com\/de\/wp-json\/wp\/v2\/pages\/10725\/revisions"}],"predecessor-version":[{"id":10729,"href":"https:\/\/schuck-group.com\/de\/wp-json\/wp\/v2\/pages\/10725\/revisions\/10729"}],"up":[{"embeddable":true,"href":"https:\/\/schuck-group.com\/de\/wp-json\/wp\/v2\/pages\/1387"}],"wp:attachment":[{"href":"https:\/\/schuck-group.com\/de\/wp-json\/wp\/v2\/media?parent=10725"}],"curies":[{"name":"wp","href":"https:\/\/api.w.org\/{rel}","templated":true}]}}